{"id":6817,"date":"2017-03-04T22:39:24","date_gmt":"2017-03-04T19:39:24","guid":{"rendered":"https:\/\/unsallaw.com\/career\/"},"modified":"2019-07-05T11:42:10","modified_gmt":"2019-07-05T08:42:10","slug":"career","status":"publish","type":"page","link":"https:\/\/unsallaw.com\/tr\/career\/","title":{"rendered":"Careers"},"content":{"rendered":"[vc_row type=&#8221;full_width_background&#8221; full_screen_row_position=&#8221;middle&#8221; bg_image=&#8221;6571&#8243; bg_position=&#8221;center center&#8221; bg_repeat=&#8221;no-repeat&#8221; bg_color=&#8221;#cbcbc3&#8243; scene_position=&#8221;center&#8221; text_color=&#8221;light&#8221; text_align=&#8221;left&#8221; top_padding=&#8221;4%&#8221; bottom_padding=&#8221;4%&#8221; enable_gradient=&#8221;true&#8221; color_overlay_2=&#8221;#151519&#8243; gradient_direction=&#8221;top_to_bottom&#8221; overlay_strength=&#8221;1&#8243; shape_divider_position=&#8221;bottom&#8221;][vc_column column_padding=&#8221;no-extra-padding&#8221; column_padding_position=&#8221;all&#8221; background_color_opacity=&#8221;1&#8243; background_hover_color_opacity=&#8221;1&#8243; column_shadow=&#8221;none&#8221; column_border_radius=&#8221;none&#8221; width=&#8221;1\/2&#8243; tablet_text_alignment=&#8221;default&#8221; phone_text_alignment=&#8221;default&#8221; column_border_width=&#8221;none&#8221; column_border_style=&#8221;solid&#8221;][vc_row_inner column_margin=&#8221;default&#8221; text_align=&#8221;left&#8221;][vc_column_inner enable_animation=&#8221;true&#8221; animation=&#8221;fade-in-from-bottom&#8221; column_padding=&#8221;padding-5-percent&#8221; column_padding_position=&#8221;all&#8221; background_color=&#8221;#000000&#8243; background_color_opacity=&#8221;0.4&#8243; background_hover_color_opacity=&#8221;1&#8243; column_shadow=&#8221;none&#8221; column_border_radius=&#8221;none&#8221; width=&#8221;1\/1&#8243; column_border_width=&#8221;none&#8221; column_border_style=&#8221;solid&#8221;][vc_column_text el_class=&#8221;ug-main-intro&#8221;]\n<h3>Kariyer<\/h3>\n<p>\u00dcnsal Law, avukatlar\u0131n\u0131n kendilerini m\u00fckemmel bir hukuk\u00e7u olarak geli\u015ftirebilmelerine en uygun ortam\u0131 sa\u011flar.<\/p>\n<p>Bir \u00dcnsal Law avukat\u0131, t\u00fcm ekibin deste\u011fini, g\u00fcvenini ve birey olarak kendisine verilen de\u011feri her zaman hisseder.<\/p>\n<p>\u00dcnsal Law, se\u00e7kin yetenekleri ve analitik d\u00fc\u015f\u00fcnme kabiliyeti olan, hukuk uygulamas\u0131na kendisini adam\u0131\u015f, m\u00fcstesna avukatlara kadrosunda yer verir.<\/p>\n<p>Avukatl\u0131k, resmi staj ve yaz staj\u0131 ba\u015fvurular\u0131 a\u00e7\u0131kt\u0131r.<\/p>\n<p>Daha fazla bilgi ve ba\u015fvuru i\u00e7in:\u00a0<a title=\"Join our team\" href=\"mailto:info@unsallaw.com\">info@unsallaw.com<\/a>[\/vc_column_text][\/vc_column_inner][\/vc_row_inner][\/vc_column][vc_column column_padding=&#8221;no-extra-padding&#8221; column_padding_position=&#8221;all&#8221; background_color_opacity=&#8221;1&#8243; background_hover_color_opacity=&#8221;1&#8243; column_shadow=&#8221;none&#8221; column_border_radius=&#8221;none&#8221; width=&#8221;1\/2&#8243; tablet_text_alignment=&#8221;default&#8221; phone_text_alignment=&#8221;default&#8221; column_border_width=&#8221;none&#8221; column_border_style=&#8221;solid&#8221;][\/vc_column][\/vc_row][vc_row type=&#8221;full_width_background&#8221; full_screen_row_position=&#8221;middle&#8221; scene_position=&#8221;center&#8221; text_color=&#8221;light&#8221; text_align=&#8221;center&#8221; enable_gradient=&#8221;true&#8221; color_overlay=&#8221;#232323&#8243; color_overlay_2=&#8221;#191919&#8243; gradient_direction=&#8221;left_t_to_right_b&#8221; overlay_strength=&#8221;1&#8243; shape_divider_position=&#8221;bottom&#8221;][vc_column column_padding=&#8221;padding-2-percent&#8221; column_padding_position=&#8221;top-bottom&#8221; background_color_opacity=&#8221;1&#8243; background_hover_color_opacity=&#8221;1&#8243; column_shadow=&#8221;none&#8221; column_border_radius=&#8221;none&#8221; top_margin=&#8221;0&#8243; width=&#8221;1\/1&#8243; tablet_text_alignment=&#8221;default&#8221; phone_text_alignment=&#8221;default&#8221; column_border_width=&#8221;none&#8221; column_border_style=&#8221;solid&#8221;][vc_column_text css=&#8221;.vc_custom_1534271320239{margin-top: 0px !important;margin-bottom: 20px !important;padding-top: 0px !important;}&#8221;]\n<h5>Gelecekteki \u00e7al\u0131\u015fma arkada\u015flar\u0131n\u0131z\u0131 daha yak\u0131ndan tan\u0131mak i\u00e7in ekibimize g\u00f6z at\u0131n.<\/h5>\n[\/vc_column_text][nectar_btn size=&#8221;large&#8221; button_style=&#8221;regular&#8221; button_color_2=&#8221;Accent-Color&#8221; icon_family=&#8221;none&#8221; url=&#8221;https:\/\/unsallaw.com\/our-people\/&#8221; text=&#8221;EK\u0130B\u0130M\u0130Z&#8221;][\/vc_column][\/vc_row]\n","protected":false},"excerpt":{"rendered":"<p>[vc_row type=&#8221;full_width_background&#8221; full_screen_row_position=&#8221;middle&#8221; bg_image=&#8221;6571&#8243; bg_position=&#8221;center center&#8221; bg_repeat=&#8221;no-repeat&#8221; bg_color=&#8221;#cbcbc3&#8243; scene_position=&#8221;center&#8221; text_color=&#8221;light&#8221; text_align=&#8221;left&#8221; top_padding=&#8221;4%&#8221; bottom_padding=&#8221;4%&#8221; enable_gradient=&#8221;true&#8221; color_overlay_2=&#8221;#151519&#8243; gradient_direction=&#8221;top_to_bottom&#8221; overlay_strength=&#8221;1&#8243; shape_divider_position=&#8221;bottom&#8221;][vc_column column_padding=&#8221;no-extra-padding&#8221; column_padding_position=&#8221;all&#8221; background_color_opacity=&#8221;1&#8243; background_hover_color_opacity=&#8221;1&#8243; column_shadow=&#8221;none&#8221; column_border_radius=&#8221;none&#8221; width=&#8221;1\/2&#8243; tablet_text_alignment=&#8221;default&#8221; phone_text_alignment=&#8221;default&#8221; column_border_width=&#8221;none&#8221; column_border_style=&#8221;solid&#8221;][vc_row_inner column_margin=&#8221;default&#8221;&#8230;<\/p>\n","protected":false},"author":1,"featured_media":0,"parent":0,"menu_order":0,"comment_status":"closed","ping_status":"closed","template":"","meta":{"footnotes":""},"class_list":["post-6817","page","type-page","status-publish"],"_links":{"self":[{"href":"https:\/\/unsallaw.com\/tr\/wp-json\/wp\/v2\/pages\/6817","targetHints":{"allow":["GET"]}}],"collection":[{"href":"https:\/\/unsallaw.com\/tr\/wp-json\/wp\/v2\/pages"}],"about":[{"href":"https:\/\/unsallaw.com\/tr\/wp-json\/wp\/v2\/types\/page"}],"author":[{"embeddable":true,"href":"https:\/\/unsallaw.com\/tr\/wp-json\/wp\/v2\/users\/1"}],"replies":[{"embeddable":true,"href":"https:\/\/unsallaw.com\/tr\/wp-json\/wp\/v2\/comments?post=6817"}],"version-history":[{"count":3,"href":"https:\/\/unsallaw.com\/tr\/wp-json\/wp\/v2\/pages\/6817\/revisions"}],"predecessor-version":[{"id":7117,"href":"https:\/\/unsallaw.com\/tr\/wp-json\/wp\/v2\/pages\/6817\/revisions\/7117"}],"wp:attachment":[{"href":"https:\/\/unsallaw.com\/tr\/wp-json\/wp\/v2\/media?parent=6817"}],"curies":[{"name":"wp","href":"https:\/\/api.w.org\/{rel}","templated":true}]}}